{"id":5198,"date":"2020-01-28T20:52:56","date_gmt":"2020-01-28T20:52:56","guid":{"rendered":"https:\/\/staging.parknfly.ca\/caa-members\/"},"modified":"2024-01-16T14:27:22","modified_gmt":"2024-01-16T14:27:22","slug":"membres-caa","status":"publish","type":"page","link":"https:\/\/staging2.parknfly.ca\/fr\/membres-caa\/","title":{"rendered":"Membres CAA"},"content":{"rendered":"\t\t<div data-elementor-type=\"wp-page\" data-elementor-id=\"5198\" class=\"elementor elementor-5198 elementor-3834\" data-elementor-post-type=\"page\">\n\t\t\t\t\t\t<section class=\"elementor-section elementor-top-section elementor-element elementor-element-dfd3640 elementor-section-height-min-height elementor-section-items-top elementor-section-stretched elementor-section-boxed elementor-section-height-default\" data-id=\"dfd3640\" data-element_type=\"section\" data-settings=\"{&quot;background_background&quot;:&quot;classic&quot;,&quot;stretch_section&quot;:&quot;section-stretched&quot;}\">\n\t\t\t\t\t\t\t<div class=\"elementor-background-overlay\"><\/div>\n\t\t\t\t\t\t\t<div class=\"elementor-container elementor-column-gap-default\">\n\t\t\t\t\t<div class=\"elementor-column elementor-col-100 elementor-top-column elementor-element elementor-element-8a54f1b\" data-id=\"8a54f1b\" data-element_type=\"column\">\n\t\t\t<div class=\"elementor-widget-wrap elementor-element-populated\">\n\t\t\t\t\t\t<section class=\"elementor-section elementor-inner-section elementor-element elementor-element-47a76a2 elementor-section-full_width elementor-section-content-top elementor-section-height-default elementor-section-height-default\" data-id=\"47a76a2\" data-element_type=\"section\">\n\t\t\t\t\t\t<div class=\"elementor-container elementor-column-gap-default\">\n\t\t\t\t\t<div class=\"elementor-column elementor-col-50 elementor-inner-column elementor-element elementor-element-d347ec3\" data-id=\"d347ec3\" data-element_type=\"column\">\n\t\t\t<div class=\"elementor-widget-wrap elementor-element-populated\">\n\t\t\t\t\t\t<div class=\"elementor-element elementor-element-d46c628 elementor-widget elementor-widget-heading\" data-id=\"d46c628\" data-element_type=\"widget\" data-widget_type=\"heading.default\">\n\t\t\t\t<div class=\"elementor-widget-container\">\n\t\t\t<h1 class=\"elementor-heading-title elementor-size-default\">Membres CAA <\/h1>\t\t<\/div>\n\t\t\t\t<\/div>\n\t\t\t\t<div class=\"elementor-element elementor-element-febc79f elementor-widget elementor-widget-text-editor\" data-id=\"febc79f\" data-element_type=\"widget\" data-widget_type=\"text-editor.default\">\n\t\t\t\t<div class=\"elementor-widget-container\">\n\t\t\t\t\t\t\t<p>R\u00e9servez et \u00e9conomisez avec Park\u2019N Fly<\/p>\t\t\t\t\t\t<\/div>\n\t\t\t\t<\/div>\n\t\t\t\t<div class=\"elementor-element elementor-element-d0577ff elementor-widget elementor-widget-button\" data-id=\"d0577ff\" data-element_type=\"widget\" data-widget_type=\"button.default\">\n\t\t\t\t<div class=\"elementor-widget-container\">\n\t\t\t\t\t\t\t<div class=\"elementor-button-wrapper\">\n\t\t\t\t\t<a class=\"elementor-button elementor-button-link elementor-size-lg\" href=\"\/fr\">\n\t\t\t\t\t\t<span class=\"elementor-button-content-wrapper\">\n\t\t\t\t\t\t\t\t\t<span class=\"elementor-button-text\">R\u00e9servez maintenant<\/span>\n\t\t\t\t\t<\/span>\n\t\t\t\t\t<\/a>\n\t\t\t\t<\/div>\n\t\t\t\t\t\t<\/div>\n\t\t\t\t<\/div>\n\t\t\t\t\t<\/div>\n\t\t<\/div>\n\t\t\t\t<div class=\"elementor-column elementor-col-50 elementor-inner-column elementor-element elementor-element-0d78924\" data-id=\"0d78924\" data-element_type=\"column\">\n\t\t\t<div class=\"elementor-widget-wrap\">\n\t\t\t\t\t\t\t<\/div>\n\t\t<\/div>\n\t\t\t\t\t<\/div>\n\t\t<\/section>\n\t\t\t\t\t<\/div>\n\t\t<\/div>\n\t\t\t\t\t<\/div>\n\t\t<\/section>\n\t\t\t\t<section class=\"elementor-section elementor-top-section elementor-element elementor-element-2a56a5f elementor-section-boxed elementor-section-height-default elementor-section-height-default\" data-id=\"2a56a5f\" data-element_type=\"section\" data-settings=\"{&quot;background_background&quot;:&quot;classic&quot;}\">\n\t\t\t\t\t\t<div class=\"elementor-container elementor-column-gap-default\">\n\t\t\t\t\t<div class=\"elementor-column elementor-col-100 elementor-top-column elementor-element elementor-element-7de1fbd\" data-id=\"7de1fbd\" data-element_type=\"column\">\n\t\t\t<div class=\"elementor-widget-wrap elementor-element-populated\">\n\t\t\t\t\t\t<section class=\"elementor-section elementor-inner-section elementor-element elementor-element-7e2a5e5 elementor-section-boxed elementor-section-height-default elementor-section-height-default\" data-id=\"7e2a5e5\" data-element_type=\"section\">\n\t\t\t\t\t\t<div class=\"elementor-container elementor-column-gap-default\">\n\t\t\t\t\t<div class=\"elementor-column elementor-col-50 elementor-inner-column elementor-element elementor-element-6bffead\" data-id=\"6bffead\" data-element_type=\"column\">\n\t\t\t<div class=\"elementor-widget-wrap elementor-element-populated\">\n\t\t\t\t\t\t<div class=\"elementor-element elementor-element-65017ae elementor-widget elementor-widget-heading\" data-id=\"65017ae\" data-element_type=\"widget\" data-widget_type=\"heading.default\">\n\t\t\t\t<div class=\"elementor-widget-container\">\n\t\t\t<h2 class=\"elementor-heading-title elementor-size-default\">Comment cela fonctionne<\/h2>\t\t<\/div>\n\t\t\t\t<\/div>\n\t\t\t\t<div class=\"elementor-element elementor-element-e869a7c elementor-widget elementor-widget-text-editor\" data-id=\"e869a7c\" data-element_type=\"widget\" data-widget_type=\"text-editor.default\">\n\t\t\t\t<div class=\"elementor-widget-container\">\n\t\t\t\t\t\t\t<p>\u00c9conomiser avec Park\u2019N Fly, c\u2019est facile! Entrez simplement votre num\u00e9ro de membre CAA lors de votre prochaine r\u00e9servation sur l\u2019application Park\u2019N Fly ou en visitant parknfly.ca et <strong>\u00c9CONOMISEZ 10%<\/strong>*sur le tarif en ligne. <a href=\"http:\/\/staging.parknfly.ca\/fr\">R\u00e9servez maintenant.<\/a><\/p><p>\u00a0<\/p>\t\t\t\t\t\t<\/div>\n\t\t\t\t<\/div>\n\t\t\t\t\t<\/div>\n\t\t<\/div>\n\t\t\t\t<div class=\"elementor-column elementor-col-50 elementor-inner-column elementor-element elementor-element-2fd6217 elementor-hidden-tablet elementor-hidden-phone\" data-id=\"2fd6217\" data-element_type=\"column\">\n\t\t\t<div class=\"elementor-widget-wrap elementor-element-populated\">\n\t\t\t\t\t\t<div class=\"elementor-element elementor-element-0d36c6b elementor-widget elementor-widget-image\" data-id=\"0d36c6b\" data-element_type=\"widget\" data-widget_type=\"image.default\">\n\t\t\t\t<div class=\"elementor-widget-container\">\n\t\t\t\t\t\t\t\t\t\t\t\t\t<img decoding=\"async\" width=\"150\" height=\"150\" src=\"https:\/\/staging2.parknfly.ca\/wp-content\/uploads\/2020\/11\/CAA-Rewards-Logo-FR-PMS-150x150.jpg\" class=\"attachment-thumbnail size-thumbnail wp-image-14431\" alt=\"\" \/>\t\t\t\t\t\t\t\t\t\t\t\t\t<\/div>\n\t\t\t\t<\/div>\n\t\t\t\t\t<\/div>\n\t\t<\/div>\n\t\t\t\t\t<\/div>\n\t\t<\/section>\n\t\t\t\t<section class=\"elementor-section elementor-inner-section elementor-element elementor-element-33cf023 elementor-section-boxed elementor-section-height-default elementor-section-height-default\" data-id=\"33cf023\" data-element_type=\"section\">\n\t\t\t\t\t\t<div class=\"elementor-container elementor-column-gap-default\">\n\t\t\t\t\t<div class=\"elementor-column elementor-col-50 elementor-inner-column elementor-element elementor-element-5775960\" data-id=\"5775960\" data-element_type=\"column\">\n\t\t\t<div class=\"elementor-widget-wrap elementor-element-populated\">\n\t\t\t\t\t\t\t<\/div>\n\t\t<\/div>\n\t\t\t\t<div class=\"elementor-column elementor-col-50 elementor-inner-column elementor-element elementor-element-077da66 elementor-hidden-tablet elementor-hidden-phone\" data-id=\"077da66\" data-element_type=\"column\">\n\t\t\t<div class=\"elementor-widget-wrap\">\n\t\t\t\t\t\t\t<\/div>\n\t\t<\/div>\n\t\t\t\t\t<\/div>\n\t\t<\/section>\n\t\t\t\t\t<\/div>\n\t\t<\/div>\n\t\t\t\t\t<\/div>\n\t\t<\/section>\n\t\t\t\t<section class=\"elementor-section elementor-top-section elementor-element elementor-element-ff3c05f elementor-section-boxed elementor-section-height-default elementor-section-height-default\" data-id=\"ff3c05f\" data-element_type=\"section\" data-settings=\"{&quot;background_background&quot;:&quot;classic&quot;}\">\n\t\t\t\t\t\t<div class=\"elementor-container elementor-column-gap-default\">\n\t\t\t\t\t<div class=\"elementor-column elementor-col-100 elementor-top-column elementor-element elementor-element-9ab9e8e\" data-id=\"9ab9e8e\" data-element_type=\"column\">\n\t\t\t<div class=\"elementor-widget-wrap elementor-element-populated\">\n\t\t\t\t\t\t<div class=\"elementor-element elementor-element-5cf5787 elementor-widget-divider--view-line elementor-widget elementor-widget-divider\" data-id=\"5cf5787\" data-element_type=\"widget\" data-widget_type=\"divider.default\">\n\t\t\t\t<div class=\"elementor-widget-container\">\n\t\t\t\t\t<div class=\"elementor-divider\">\n\t\t\t<span class=\"elementor-divider-separator\">\n\t\t\t\t\t\t<\/span>\n\t\t<\/div>\n\t\t\t\t<\/div>\n\t\t\t\t<\/div>\n\t\t\t\t\t<\/div>\n\t\t<\/div>\n\t\t\t\t\t<\/div>\n\t\t<\/section>\n\t\t\t\t<section class=\"elementor-section elementor-top-section elementor-element elementor-element-1939ce8 elementor-section-boxed elementor-section-height-default elementor-section-height-default\" data-id=\"1939ce8\" data-element_type=\"section\" data-settings=\"{&quot;background_background&quot;:&quot;classic&quot;}\">\n\t\t\t\t\t\t<div class=\"elementor-container elementor-column-gap-default\">\n\t\t\t\t\t<div class=\"elementor-column elementor-col-50 elementor-top-column elementor-element elementor-element-258e79e\" data-id=\"258e79e\" data-element_type=\"column\">\n\t\t\t<div class=\"elementor-widget-wrap elementor-element-populated\">\n\t\t\t\t\t\t<div class=\"elementor-element elementor-element-a01a2c8 elementor-widget elementor-widget-text-editor\" data-id=\"a01a2c8\" data-element_type=\"widget\" data-widget_type=\"text-editor.default\">\n\t\t\t\t<div class=\"elementor-widget-container\">\n\t\t\t\t\t\t\t<p>*R\u00e9servation requise. 10% de rabais sur le tarif de l\u2019application ou du site Web applicable sur les r\u00e9servations lorsque le num\u00e9ro de membre CAA a \u00e9t\u00e9 saisi dans le champ de rabais de l\u2019application Park\u2019N Fly ou dans le champ de rabais du site Web parknfly.ca. **Une \u00e9conomie de 25% sur le tarif de la journ\u00e9e (le tarif r\u00e9gulier affich\u00e9) lorsque le membre CAA pr\u00e9sente sa carte de membre CAA au moment de payer et qu\u2019aucune r\u00e9servation n\u2019a \u00e9t\u00e9 effectu\u00e9e. L\u2019offre CAA ne peut \u00eatre combin\u00e9e \u00e0 toute autre offre ou rabais. Offre non applicable avec le programme de points A\u00e9roplan. Tous les tarifs et frais suppl\u00e9mentaires sont assujettis aux taxes applicables et aucune r\u00e9duction ne peut \u00eatre appliqu\u00e9e sur ces taxes. Consultez les emplacements Park\u2019N Fly pour plus de d\u00e9tails. L\u2019offre est sujette \u00e0 changement sans pr\u00e9avis. Des conditions peuvent s\u2019appliquer. Le rabais CAA non disponible aux emplacements Park\u2019N Fly de Montr\u00e9al <span class=\"Y2IQFc\" lang=\"fr\">et d\u2019Edmonton<\/span>. Doit \u00eatre un membre actif CAA en r\u00e8gle (cotisation d\u2019adh\u00e9sion \u00e0 la CAA pay\u00e9e en totalit\u00e9 avant la date d\u2019expiration de l\u2019adh\u00e9sion) Park\u2019N Fly est une marque de commerce d\u00e9pos\u00e9e de 1884901 Alberta Ltd. \u00a0<\/p>\t\t\t\t\t\t<\/div>\n\t\t\t\t<\/div>\n\t\t\t\t\t<\/div>\n\t\t<\/div>\n\t\t\t\t<div class=\"elementor-column elementor-col-50 elementor-top-column elementor-element elementor-element-ee3f122 elementor-hidden-tablet elementor-hidden-phone\" data-id=\"ee3f122\" data-element_type=\"column\">\n\t\t\t<div class=\"elementor-widget-wrap\">\n\t\t\t\t\t\t\t<\/div>\n\t\t<\/div>\n\t\t\t\t\t<\/div>\n\t\t<\/section>\n\t\t\t\t<\/div>\n\t\t","protected":false},"excerpt":{"rendered":"<p>Membres CAA R\u00e9servez et \u00e9conomisez avec Park\u2019N Fly R\u00e9servez maintenant Comment cela fonctionne \u00c9conomiser avec Park\u2019N Fly, c\u2019est facile! Entrez simplement votre num\u00e9ro de membre CAA lors de votre prochaine r\u00e9servation sur l\u2019application Park\u2019N Fly ou en visitant parknfly.ca et \u00c9CONOMISEZ 10%*sur le tarif en ligne. R\u00e9servez maintenant. *R\u00e9servation requise. 10% de rabais sur le &hellip; <a href=\"https:\/\/staging2.parknfly.ca\/fr\/membres-caa\/\">Continuer<\/a><\/p>\n","protected":false},"author":4,"featured_media":0,"parent":0,"menu_order":0,"comment_status":"closed","ping_status":"closed","template":"","meta":{"_acf_changed":false,"_monsterinsights_skip_tracking":false,"_monsterinsights_sitenote_active":false,"_monsterinsights_sitenote_note":"","_monsterinsights_sitenote_category":0,"footnotes":""},"yst_prominent_words":[3711,1821,38],"class_list":["post-5198","page","type-page","status-publish","hentry"],"acf":[],"_links":{"self":[{"href":"https:\/\/staging2.parknfly.ca\/fr\/wp-json\/wp\/v2\/pages\/5198","targetHints":{"allow":["GET"]}}],"collection":[{"href":"https:\/\/staging2.parknfly.ca\/fr\/wp-json\/wp\/v2\/pages"}],"about":[{"href":"https:\/\/staging2.parknfly.ca\/fr\/wp-json\/wp\/v2\/types\/page"}],"author":[{"embeddable":true,"href":"https:\/\/staging2.parknfly.ca\/fr\/wp-json\/wp\/v2\/users\/4"}],"replies":[{"embeddable":true,"href":"https:\/\/staging2.parknfly.ca\/fr\/wp-json\/wp\/v2\/comments?post=5198"}],"version-history":[{"count":56,"href":"https:\/\/staging2.parknfly.ca\/fr\/wp-json\/wp\/v2\/pages\/5198\/revisions"}],"predecessor-version":[{"id":20964,"href":"https:\/\/staging2.parknfly.ca\/fr\/wp-json\/wp\/v2\/pages\/5198\/revisions\/20964"}],"wp:attachment":[{"href":"https:\/\/staging2.parknfly.ca\/fr\/wp-json\/wp\/v2\/media?parent=5198"}],"wp:term":[{"taxonomy":"yst_prominent_words","embeddable":true,"href":"https:\/\/staging2.parknfly.ca\/fr\/wp-json\/wp\/v2\/yst_prominent_words?post=5198"}],"curies":[{"name":"wp","href":"https:\/\/api.w.org\/{rel}","templated":true}]}}